{"id":87,"date":"2024-06-05T11:12:38","date_gmt":"2024-06-05T11:12:38","guid":{"rendered":"https:\/\/metalurgicasrtb.es\/?page_id=87"},"modified":"2024-06-05T11:12:38","modified_gmt":"2024-06-05T11:12:38","slug":"accesibilidad","status":"publish","type":"page","link":"https:\/\/metalurgicasrtb.es\/en\/accesibilidad\/","title":{"rendered":"Accessibility"},"content":{"rendered":"<p><strong>Actualizado 15\/03\/2023<\/strong>&nbsp;<\/p>\n\n\n\n<p>METAL\u00daRGICAS Y R.T.B S.L. <strong>se compromete en hacer accesible su sitio web de conformidad con el\u202f<\/strong><a href=\"https:\/\/www.boe.es\/diario_boe\/txt.php?id=BOE-A-2018-12699\" target=\"_blank\" rel=\"noreferrer noopener\"><strong>Real Decreto 1112\/2018<\/strong><\/a><strong>, sobre accesibilidad de los sitios webs y aplicaciones para dispositivos m\u00f3viles del sector p\u00fablico.<\/strong>&nbsp;<\/p>\n\n\n\n<p>La presente declaraci\u00f3n de accesibilidad se aplica al sitio web a metalurgicasrtb.es&nbsp;<\/p>\n\n\n\n<p><strong>SITUACI\u00d3N DE CUMPLIMIENTO<\/strong>&nbsp;<\/p>\n\n\n\n<p>Este sitio web es parcialmente conforme con el\u202f<a href=\"https:\/\/www.boe.es\/diario_boe\/txt.php?id=BOE-A-2018-12699\" target=\"_blank\" rel=\"noreferrer noopener\">RD 1112\/2018<\/a>\u202fdebido a la falta de conformidad de los aspectos que se indican a continuaci\u00f3n.&nbsp;<\/p>\n\n\n\n<p><strong>Contenido no accesible<\/strong>&nbsp;<\/p>\n\n\n\n<p>El contenido que se recoge a continuaci\u00f3n no es accesible por lo siguiente:&nbsp;<\/p>\n\n\n\n<p><strong>Falta de conformidad con el RD 1112\/2018<\/strong>&nbsp;<\/p>\n\n\n\n<ul>\n<li>Se pueden encontrar im\u00e1genes sin que acompa\u00f1e texto explicativo.\u00a0<\/li>\n\n\n\n<li>Se puede encontrar a\u00fan anidamientos incorrectos de etiquetas.\u00a0<\/li>\n\n\n\n<li>Podr\u00edan existir fallos de edici\u00f3n en la p\u00e1gina web.\u00a0<\/li>\n<\/ul>\n\n\n\n<p><strong>Carga desproporcionada<\/strong>&nbsp;<\/p>\n\n\n\n<ul>\n<li>No aplica.\u00a0<\/li>\n<\/ul>\n\n\n\n<p><strong>El contenido no entra dentro del \u00e1mbito de la legislaci\u00f3n aplicable.<\/strong>&nbsp;<\/p>\n\n\n\n<ul>\n<li>Existen archivos ofim\u00e1ticos en PDF que no cumplan en su totalidad todos los requisitos de accesibilidad.\u00a0<\/li>\n<\/ul>\n\n\n\n<p>La presente declaraci\u00f3n fue preparada el 15 de enero de 2023.&nbsp;<\/p>\n\n\n\n<p>El m\u00e9todo empleado para preparar la declaraci\u00f3n ha sido una autoevaluaci\u00f3n llevada a cabo por el equipo de accesibilidad.&nbsp;<\/p>\n\n\n\n<p>\u00daltima revisi\u00f3n de la declaraci\u00f3n: 12 de enero de 2023.&nbsp;<\/p>\n\n\n\n<p><strong>Observaciones y datos de contacto<\/strong>&nbsp;<\/p>\n\n\n\n<p>Puede realizar comunicaciones sobre requisitos de accesibilidad (art\u00edculo 10.2.a) del RD 1112\/2018) como por ejemplo:&nbsp;<\/p>\n\n\n\n<ul>\n<li>Informar sobre cualquier posible incumplimiento por parte de este sitio web.\u00a0<\/li>\n\n\n\n<li>Transmitir otras dificultades de acceso al contenido.\u00a0<\/li>\n\n\n\n<li>Formular cualquier otra consulta o sugerencia de mejora relativa a la accesibilidad del sitio web.\u00a0<\/li>\n<\/ul>\n\n\n\n<p>A trav\u00e9s de nuestro buz\u00f3n de sugerencias monicafernandez@grupoferreras.es&nbsp;<\/p>\n\n\n\n<p>Las comunicaciones ser\u00e1n recibidas y tratadas por el equipo de Accesibilidad.&nbsp;<\/p>","protected":false},"excerpt":{"rendered":"<p>Actualizado 15\/03\/2023&nbsp; METAL\u00daRGICAS Y R.T.B S.L. se compromete en hacer accesible su sitio web de conformidad con el\u202fReal Decreto 1112\/2018, sobre accesibilidad de los sitios webs y aplicaciones para dispositivos m\u00f3viles del sector p\u00fablico.&nbsp; La presente declaraci\u00f3n de accesibilidad se aplica al sitio web a metalurgicasrtb.es&nbsp; SITUACI\u00d3N DE CUMPLIMIENTO&nbsp; Este sitio web es parcialmente conforme [&hellip;]<\/p>\n","protected":false},"author":1,"featured_media":0,"parent":0,"menu_order":0,"comment_status":"closed","ping_status":"closed","template":"","meta":{"footnotes":""},"yoast_head":"<!-- This site is optimized with the Yoast SEO plugin v24.5 - https:\/\/yoast.com\/wordpress\/plugins\/seo\/ -->\n<title>Accesibilidad - Metalurgicasrtb<\/title>\n<meta name=\"robots\" content=\"index, follow, max-snippet:-1, max-image-preview:large, max-video-preview:-1\" \/>\n<link rel=\"canonical\" href=\"https:\/\/metalurgicasrtb.es\/en\/accesibilidad\/\" \/>\n<meta property=\"og:locale\" content=\"en_GB\" \/>\n<meta property=\"og:type\" content=\"article\" \/>\n<meta property=\"og:title\" content=\"Accesibilidad - Metalurgicasrtb\" \/>\n<meta property=\"og:description\" content=\"Actualizado 15\/03\/2023&nbsp; METAL\u00daRGICAS Y R.T.B S.L. se compromete en hacer accesible su sitio web de conformidad con el\u202fReal Decreto 1112\/2018, sobre accesibilidad de los sitios webs y aplicaciones para dispositivos m\u00f3viles del sector p\u00fablico.&nbsp; La presente declaraci\u00f3n de accesibilidad se aplica al sitio web a metalurgicasrtb.es&nbsp; SITUACI\u00d3N DE CUMPLIMIENTO&nbsp; Este sitio web es parcialmente conforme [&hellip;]\" \/>\n<meta property=\"og:url\" content=\"https:\/\/metalurgicasrtb.es\/en\/accesibilidad\/\" \/>\n<meta property=\"og:site_name\" content=\"Metalurgicasrtb\" \/>\n<meta name=\"twitter:card\" content=\"summary_large_image\" \/>\n<meta name=\"twitter:label1\" content=\"Estimated reading time\" \/>\n\t<meta name=\"twitter:data1\" content=\"2 minutes\" \/>\n<script type=\"application\/ld+json\" class=\"yoast-schema-graph\">{\"@context\":\"https:\/\/schema.org\",\"@graph\":[{\"@type\":\"WebPage\",\"@id\":\"https:\/\/metalurgicasrtb.es\/en\/accesibilidad\/\",\"url\":\"https:\/\/metalurgicasrtb.es\/en\/accesibilidad\/\",\"name\":\"Accesibilidad - Metalurgicasrtb\",\"isPartOf\":{\"@id\":\"https:\/\/metalurgicasrtb.es\/#website\"},\"datePublished\":\"2024-06-05T11:12:38+00:00\",\"breadcrumb\":{\"@id\":\"https:\/\/metalurgicasrtb.es\/en\/accesibilidad\/#breadcrumb\"},\"inLanguage\":\"en-GB\",\"potentialAction\":[{\"@type\":\"ReadAction\",\"target\":[\"https:\/\/metalurgicasrtb.es\/en\/accesibilidad\/\"]}]},{\"@type\":\"BreadcrumbList\",\"@id\":\"https:\/\/metalurgicasrtb.es\/en\/accesibilidad\/#breadcrumb\",\"itemListElement\":[{\"@type\":\"ListItem\",\"position\":1,\"name\":\"Portada\",\"item\":\"https:\/\/metalurgicasrtb.es\/\"},{\"@type\":\"ListItem\",\"position\":2,\"name\":\"Accesibilidad\"}]},{\"@type\":\"WebSite\",\"@id\":\"https:\/\/metalurgicasrtb.es\/#website\",\"url\":\"https:\/\/metalurgicasrtb.es\/\",\"name\":\"Metalurgicasrtb\",\"description\":\"Fabricante de embalajes especiales para piezas de automoci\u00f3n\",\"publisher\":{\"@id\":\"https:\/\/metalurgicasrtb.es\/#organization\"},\"potentialAction\":[{\"@type\":\"SearchAction\",\"target\":{\"@type\":\"EntryPoint\",\"urlTemplate\":\"https:\/\/metalurgicasrtb.es\/?s={search_term_string}\"},\"query-input\":{\"@type\":\"PropertyValueSpecification\",\"valueRequired\":true,\"valueName\":\"search_term_string\"}}],\"inLanguage\":\"en-GB\"},{\"@type\":\"Organization\",\"@id\":\"https:\/\/metalurgicasrtb.es\/#organization\",\"name\":\"Metalurgicasrtb\",\"url\":\"https:\/\/metalurgicasrtb.es\/\",\"logo\":{\"@type\":\"ImageObject\",\"inLanguage\":\"en-GB\",\"@id\":\"https:\/\/metalurgicasrtb.es\/#\/schema\/logo\/image\/\",\"url\":\"https:\/\/metalurgicasrtb.es\/wp-content\/uploads\/2024\/06\/cropped-M.-RTB-gris.png\",\"contentUrl\":\"https:\/\/metalurgicasrtb.es\/wp-content\/uploads\/2024\/06\/cropped-M.-RTB-gris.png\",\"width\":3243,\"height\":1416,\"caption\":\"Metalurgicasrtb\"},\"image\":{\"@id\":\"https:\/\/metalurgicasrtb.es\/#\/schema\/logo\/image\/\"}}]}<\/script>\n<!-- \/ Yoast SEO plugin. -->","yoast_head_json":{"title":"Accesibilidad - Metalurgicasrtb","robots":{"index":"index","follow":"follow","max-snippet":"max-snippet:-1","max-image-preview":"max-image-preview:large","max-video-preview":"max-video-preview:-1"},"canonical":"https:\/\/metalurgicasrtb.es\/en\/accesibilidad\/","og_locale":"en_GB","og_type":"article","og_title":"Accesibilidad - Metalurgicasrtb","og_description":"Actualizado 15\/03\/2023&nbsp; METAL\u00daRGICAS Y R.T.B S.L. se compromete en hacer accesible su sitio web de conformidad con el\u202fReal Decreto 1112\/2018, sobre accesibilidad de los sitios webs y aplicaciones para dispositivos m\u00f3viles del sector p\u00fablico.&nbsp; La presente declaraci\u00f3n de accesibilidad se aplica al sitio web a metalurgicasrtb.es&nbsp; SITUACI\u00d3N DE CUMPLIMIENTO&nbsp; Este sitio web es parcialmente conforme [&hellip;]","og_url":"https:\/\/metalurgicasrtb.es\/en\/accesibilidad\/","og_site_name":"Metalurgicasrtb","twitter_card":"summary_large_image","twitter_misc":{"Estimated reading time":"2 minutes"},"schema":{"@context":"https:\/\/schema.org","@graph":[{"@type":"WebPage","@id":"https:\/\/metalurgicasrtb.es\/en\/accesibilidad\/","url":"https:\/\/metalurgicasrtb.es\/en\/accesibilidad\/","name":"Accesibilidad - Metalurgicasrtb","isPartOf":{"@id":"https:\/\/metalurgicasrtb.es\/#website"},"datePublished":"2024-06-05T11:12:38+00:00","breadcrumb":{"@id":"https:\/\/metalurgicasrtb.es\/en\/accesibilidad\/#breadcrumb"},"inLanguage":"en-GB","potentialAction":[{"@type":"ReadAction","target":["https:\/\/metalurgicasrtb.es\/en\/accesibilidad\/"]}]},{"@type":"BreadcrumbList","@id":"https:\/\/metalurgicasrtb.es\/en\/accesibilidad\/#breadcrumb","itemListElement":[{"@type":"ListItem","position":1,"name":"Portada","item":"https:\/\/metalurgicasrtb.es\/"},{"@type":"ListItem","position":2,"name":"Accesibilidad"}]},{"@type":"WebSite","@id":"https:\/\/metalurgicasrtb.es\/#website","url":"https:\/\/metalurgicasrtb.es\/","name":"Metalurgicasrtb","description":"Fabricante de embalajes especiales para piezas de automoci\u00f3n","publisher":{"@id":"https:\/\/metalurgicasrtb.es\/#organization"},"potentialAction":[{"@type":"SearchAction","target":{"@type":"EntryPoint","urlTemplate":"https:\/\/metalurgicasrtb.es\/?s={search_term_string}"},"query-input":{"@type":"PropertyValueSpecification","valueRequired":true,"valueName":"search_term_string"}}],"inLanguage":"en-GB"},{"@type":"Organization","@id":"https:\/\/metalurgicasrtb.es\/#organization","name":"Metalurgicasrtb","url":"https:\/\/metalurgicasrtb.es\/","logo":{"@type":"ImageObject","inLanguage":"en-GB","@id":"https:\/\/metalurgicasrtb.es\/#\/schema\/logo\/image\/","url":"https:\/\/metalurgicasrtb.es\/wp-content\/uploads\/2024\/06\/cropped-M.-RTB-gris.png","contentUrl":"https:\/\/metalurgicasrtb.es\/wp-content\/uploads\/2024\/06\/cropped-M.-RTB-gris.png","width":3243,"height":1416,"caption":"Metalurgicasrtb"},"image":{"@id":"https:\/\/metalurgicasrtb.es\/#\/schema\/logo\/image\/"}}]}},"_links":{"self":[{"href":"https:\/\/metalurgicasrtb.es\/en\/wp-json\/wp\/v2\/pages\/87"}],"collection":[{"href":"https:\/\/metalurgicasrtb.es\/en\/wp-json\/wp\/v2\/pages"}],"about":[{"href":"https:\/\/metalurgicasrtb.es\/en\/wp-json\/wp\/v2\/types\/page"}],"author":[{"embeddable":true,"href":"https:\/\/metalurgicasrtb.es\/en\/wp-json\/wp\/v2\/users\/1"}],"replies":[{"embeddable":true,"href":"https:\/\/metalurgicasrtb.es\/en\/wp-json\/wp\/v2\/comments?post=87"}],"version-history":[{"count":0,"href":"https:\/\/metalurgicasrtb.es\/en\/wp-json\/wp\/v2\/pages\/87\/revisions"}],"wp:attachment":[{"href":"https:\/\/metalurgicasrtb.es\/en\/wp-json\/wp\/v2\/media?parent=87"}],"curies":[{"name":"wp","href":"https:\/\/api.w.org\/{rel}","templated":true}]}}