{"id":22,"date":"2024-06-05T09:45:51","date_gmt":"2024-06-05T09:45:51","guid":{"rendered":"https:\/\/metalurgicasrtb.es\/?page_id=22"},"modified":"2024-06-06T09:04:39","modified_gmt":"2024-06-06T09:04:39","slug":"contacto","status":"publish","type":"page","link":"https:\/\/metalurgicasrtb.es\/en\/contacto\/","title":{"rendered":"Contact"},"content":{"rendered":"<div data-elementor-type=\"wp-page\" data-elementor-id=\"22\" class=\"elementor elementor-22\">\n\t\t\t\t<div class=\"elementor-element elementor-element-712dc39 e-flex e-con-boxed e-con e-parent\" data-id=\"712dc39\" data-element_type=\"container\" data-settings=\"{&quot;background_background&quot;:&quot;classic&quot;}\">\n\t\t\t\t\t<div class=\"e-con-inner\">\n\t\t\t\t<div class=\"elementor-element elementor-element-9c4658f elementor-widget elementor-widget-heading\" data-id=\"9c4658f\" data-element_type=\"widget\" data-widget_type=\"heading.default\">\n\t\t\t\t<div class=\"elementor-widget-container\">\n\t\t\t\t\t<h2 class=\"elementor-heading-title elementor-size-default\">Contact<\/h2>\t\t\t\t<\/div>\n\t\t\t\t<\/div>\n\t\t\t\t\t<\/div>\n\t\t\t\t<\/div>\n\t\t<div class=\"elementor-element elementor-element-0233185 e-flex e-con-boxed e-con e-parent\" data-id=\"0233185\" data-element_type=\"container\" data-settings=\"{&quot;background_background&quot;:&quot;classic&quot;}\">\n\t\t\t\t\t<div class=\"e-con-inner\">\n\t\t\t\t<div class=\"elementor-element elementor-element-fe68af5 elementor-widget__width-initial elementor-position-top elementor-widget elementor-widget-image-box\" data-id=\"fe68af5\" data-element_type=\"widget\" data-widget_type=\"image-box.default\">\n\t\t\t\t<div class=\"elementor-widget-container\">\n\t\t\t\t\t<div class=\"elementor-image-box-wrapper\"><figure class=\"elementor-image-box-img\"><img fetchpriority=\"high\" decoding=\"async\" width=\"276\" height=\"291\" src=\"https:\/\/metalurgicasrtb.es\/wp-content\/uploads\/2024\/06\/mapa.png\" class=\"attachment-full size-full wp-image-108\" alt=\"\" \/><\/figure><div class=\"elementor-image-box-content\"><h3 class=\"elementor-image-box-title\">Where we are?<\/h3><p class=\"elementor-image-box-description\">Ctra. Ar\u00e9valo-Palacios De Goda Km 3.7<br>\nPol. Industrial La Mora, 05215<br>\nGoda Palaces, \u00c1vila<\/p><\/div><\/div>\t\t\t\t<\/div>\n\t\t\t\t<\/div>\n\t\t\t\t\t<\/div>\n\t\t\t\t<\/div>\n\t\t\t\t<\/div>","protected":false},"excerpt":{"rendered":"<p>Contacto \u00bfD\u00f3nde estamos? Ctra. Ar\u00e9valo-Palacios De Goda Km 3.7 Pol. Industrial La Mora, 05215 Palacios de Goda, \u00c1vila<\/p>","protected":false},"author":1,"featured_media":0,"parent":0,"menu_order":0,"comment_status":"closed","ping_status":"closed","template":"","meta":{"footnotes":""},"yoast_head":"<!-- This site is optimized with the Yoast SEO plugin v24.5 - https:\/\/yoast.com\/wordpress\/plugins\/seo\/ -->\n<title>Contacto de Metal\u00fargicas y RTB<\/title>\n<meta name=\"description\" content=\"Ctra. Ar\u00e9valo-Palacios De Goda Km 3.7 Pol. Industrial La Mora, 05215 Palacios de Goda, \u00c1vila\" \/>\n<meta name=\"robots\" content=\"index, follow, max-snippet:-1, max-image-preview:large, max-video-preview:-1\" \/>\n<link rel=\"canonical\" href=\"https:\/\/metalurgicasrtb.es\/en\/contacto\/\" \/>\n<meta property=\"og:locale\" content=\"en_GB\" \/>\n<meta property=\"og:type\" content=\"article\" \/>\n<meta property=\"og:title\" content=\"Contacto de Metal\u00fargicas y RTB\" \/>\n<meta property=\"og:description\" content=\"Ctra. Ar\u00e9valo-Palacios De Goda Km 3.7 Pol. Industrial La Mora, 05215 Palacios de Goda, \u00c1vila\" \/>\n<meta property=\"og:url\" content=\"https:\/\/metalurgicasrtb.es\/en\/contacto\/\" \/>\n<meta property=\"og:site_name\" content=\"Metalurgicasrtb\" \/>\n<meta property=\"article:modified_time\" content=\"2024-06-06T09:04:39+00:00\" \/>\n<meta property=\"og:image\" content=\"https:\/\/metalurgicasrtb.es\/wp-content\/uploads\/2024\/06\/mapa.png\" \/>\n<meta name=\"twitter:card\" content=\"summary_large_image\" \/>\n<script type=\"application\/ld+json\" class=\"yoast-schema-graph\">{\"@context\":\"https:\/\/schema.org\",\"@graph\":[{\"@type\":\"WebPage\",\"@id\":\"https:\/\/metalurgicasrtb.es\/en\/contacto\/\",\"url\":\"https:\/\/metalurgicasrtb.es\/en\/contacto\/\",\"name\":\"Contacto de Metal\u00fargicas y RTB\",\"isPartOf\":{\"@id\":\"https:\/\/metalurgicasrtb.es\/#website\"},\"primaryImageOfPage\":{\"@id\":\"https:\/\/metalurgicasrtb.es\/en\/contacto\/#primaryimage\"},\"image\":{\"@id\":\"https:\/\/metalurgicasrtb.es\/en\/contacto\/#primaryimage\"},\"thumbnailUrl\":\"https:\/\/metalurgicasrtb.es\/wp-content\/uploads\/2024\/06\/mapa.png\",\"datePublished\":\"2024-06-05T09:45:51+00:00\",\"dateModified\":\"2024-06-06T09:04:39+00:00\",\"description\":\"Ctra. Ar\u00e9valo-Palacios De Goda Km 3.7 Pol. Industrial La Mora, 05215 Palacios de Goda, \u00c1vila\",\"breadcrumb\":{\"@id\":\"https:\/\/metalurgicasrtb.es\/en\/contacto\/#breadcrumb\"},\"inLanguage\":\"en-GB\",\"potentialAction\":[{\"@type\":\"ReadAction\",\"target\":[\"https:\/\/metalurgicasrtb.es\/en\/contacto\/\"]}]},{\"@type\":\"ImageObject\",\"inLanguage\":\"en-GB\",\"@id\":\"https:\/\/metalurgicasrtb.es\/en\/contacto\/#primaryimage\",\"url\":\"https:\/\/metalurgicasrtb.es\/wp-content\/uploads\/2024\/06\/mapa.png\",\"contentUrl\":\"https:\/\/metalurgicasrtb.es\/wp-content\/uploads\/2024\/06\/mapa.png\"},{\"@type\":\"BreadcrumbList\",\"@id\":\"https:\/\/metalurgicasrtb.es\/en\/contacto\/#breadcrumb\",\"itemListElement\":[{\"@type\":\"ListItem\",\"position\":1,\"name\":\"Portada\",\"item\":\"https:\/\/metalurgicasrtb.es\/\"},{\"@type\":\"ListItem\",\"position\":2,\"name\":\"Contacto\"}]},{\"@type\":\"WebSite\",\"@id\":\"https:\/\/metalurgicasrtb.es\/#website\",\"url\":\"https:\/\/metalurgicasrtb.es\/\",\"name\":\"Metalurgicasrtb\",\"description\":\"Fabricante de embalajes especiales para piezas de automoci\u00f3n\",\"publisher\":{\"@id\":\"https:\/\/metalurgicasrtb.es\/#organization\"},\"potentialAction\":[{\"@type\":\"SearchAction\",\"target\":{\"@type\":\"EntryPoint\",\"urlTemplate\":\"https:\/\/metalurgicasrtb.es\/?s={search_term_string}\"},\"query-input\":{\"@type\":\"PropertyValueSpecification\",\"valueRequired\":true,\"valueName\":\"search_term_string\"}}],\"inLanguage\":\"en-GB\"},{\"@type\":\"Organization\",\"@id\":\"https:\/\/metalurgicasrtb.es\/#organization\",\"name\":\"Metalurgicasrtb\",\"url\":\"https:\/\/metalurgicasrtb.es\/\",\"logo\":{\"@type\":\"ImageObject\",\"inLanguage\":\"en-GB\",\"@id\":\"https:\/\/metalurgicasrtb.es\/#\/schema\/logo\/image\/\",\"url\":\"https:\/\/metalurgicasrtb.es\/wp-content\/uploads\/2024\/06\/cropped-M.-RTB-gris.png\",\"contentUrl\":\"https:\/\/metalurgicasrtb.es\/wp-content\/uploads\/2024\/06\/cropped-M.-RTB-gris.png\",\"width\":3243,\"height\":1416,\"caption\":\"Metalurgicasrtb\"},\"image\":{\"@id\":\"https:\/\/metalurgicasrtb.es\/#\/schema\/logo\/image\/\"}}]}<\/script>\n<!-- \/ Yoast SEO plugin. -->","yoast_head_json":{"title":"Contacto de Metal\u00fargicas y RTB","description":"Ctra. Ar\u00e9valo-Palacios De Goda Km 3.7 Pol. Industrial La Mora, 05215 Palacios de Goda, \u00c1vila","robots":{"index":"index","follow":"follow","max-snippet":"max-snippet:-1","max-image-preview":"max-image-preview:large","max-video-preview":"max-video-preview:-1"},"canonical":"https:\/\/metalurgicasrtb.es\/en\/contacto\/","og_locale":"en_GB","og_type":"article","og_title":"Contacto de Metal\u00fargicas y RTB","og_description":"Ctra. Ar\u00e9valo-Palacios De Goda Km 3.7 Pol. Industrial La Mora, 05215 Palacios de Goda, \u00c1vila","og_url":"https:\/\/metalurgicasrtb.es\/en\/contacto\/","og_site_name":"Metalurgicasrtb","article_modified_time":"2024-06-06T09:04:39+00:00","og_image":[{"url":"https:\/\/metalurgicasrtb.es\/wp-content\/uploads\/2024\/06\/mapa.png","type":"","width":"","height":""}],"twitter_card":"summary_large_image","schema":{"@context":"https:\/\/schema.org","@graph":[{"@type":"WebPage","@id":"https:\/\/metalurgicasrtb.es\/en\/contacto\/","url":"https:\/\/metalurgicasrtb.es\/en\/contacto\/","name":"Contacto de Metal\u00fargicas y RTB","isPartOf":{"@id":"https:\/\/metalurgicasrtb.es\/#website"},"primaryImageOfPage":{"@id":"https:\/\/metalurgicasrtb.es\/en\/contacto\/#primaryimage"},"image":{"@id":"https:\/\/metalurgicasrtb.es\/en\/contacto\/#primaryimage"},"thumbnailUrl":"https:\/\/metalurgicasrtb.es\/wp-content\/uploads\/2024\/06\/mapa.png","datePublished":"2024-06-05T09:45:51+00:00","dateModified":"2024-06-06T09:04:39+00:00","description":"Ctra. Ar\u00e9valo-Palacios De Goda Km 3.7 Pol. Industrial La Mora, 05215 Palacios de Goda, \u00c1vila","breadcrumb":{"@id":"https:\/\/metalurgicasrtb.es\/en\/contacto\/#breadcrumb"},"inLanguage":"en-GB","potentialAction":[{"@type":"ReadAction","target":["https:\/\/metalurgicasrtb.es\/en\/contacto\/"]}]},{"@type":"ImageObject","inLanguage":"en-GB","@id":"https:\/\/metalurgicasrtb.es\/en\/contacto\/#primaryimage","url":"https:\/\/metalurgicasrtb.es\/wp-content\/uploads\/2024\/06\/mapa.png","contentUrl":"https:\/\/metalurgicasrtb.es\/wp-content\/uploads\/2024\/06\/mapa.png"},{"@type":"BreadcrumbList","@id":"https:\/\/metalurgicasrtb.es\/en\/contacto\/#breadcrumb","itemListElement":[{"@type":"ListItem","position":1,"name":"Portada","item":"https:\/\/metalurgicasrtb.es\/"},{"@type":"ListItem","position":2,"name":"Contacto"}]},{"@type":"WebSite","@id":"https:\/\/metalurgicasrtb.es\/#website","url":"https:\/\/metalurgicasrtb.es\/","name":"Metalurgicasrtb","description":"Fabricante de embalajes especiales para piezas de automoci\u00f3n","publisher":{"@id":"https:\/\/metalurgicasrtb.es\/#organization"},"potentialAction":[{"@type":"SearchAction","target":{"@type":"EntryPoint","urlTemplate":"https:\/\/metalurgicasrtb.es\/?s={search_term_string}"},"query-input":{"@type":"PropertyValueSpecification","valueRequired":true,"valueName":"search_term_string"}}],"inLanguage":"en-GB"},{"@type":"Organization","@id":"https:\/\/metalurgicasrtb.es\/#organization","name":"Metalurgicasrtb","url":"https:\/\/metalurgicasrtb.es\/","logo":{"@type":"ImageObject","inLanguage":"en-GB","@id":"https:\/\/metalurgicasrtb.es\/#\/schema\/logo\/image\/","url":"https:\/\/metalurgicasrtb.es\/wp-content\/uploads\/2024\/06\/cropped-M.-RTB-gris.png","contentUrl":"https:\/\/metalurgicasrtb.es\/wp-content\/uploads\/2024\/06\/cropped-M.-RTB-gris.png","width":3243,"height":1416,"caption":"Metalurgicasrtb"},"image":{"@id":"https:\/\/metalurgicasrtb.es\/#\/schema\/logo\/image\/"}}]}},"_links":{"self":[{"href":"https:\/\/metalurgicasrtb.es\/en\/wp-json\/wp\/v2\/pages\/22"}],"collection":[{"href":"https:\/\/metalurgicasrtb.es\/en\/wp-json\/wp\/v2\/pages"}],"about":[{"href":"https:\/\/metalurgicasrtb.es\/en\/wp-json\/wp\/v2\/types\/page"}],"author":[{"embeddable":true,"href":"https:\/\/metalurgicasrtb.es\/en\/wp-json\/wp\/v2\/users\/1"}],"replies":[{"embeddable":true,"href":"https:\/\/metalurgicasrtb.es\/en\/wp-json\/wp\/v2\/comments?post=22"}],"version-history":[{"count":0,"href":"https:\/\/metalurgicasrtb.es\/en\/wp-json\/wp\/v2\/pages\/22\/revisions"}],"wp:attachment":[{"href":"https:\/\/metalurgicasrtb.es\/en\/wp-json\/wp\/v2\/media?parent=22"}],"curies":[{"name":"wp","href":"https:\/\/api.w.org\/{rel}","templated":true}]}}