{"id":20,"date":"2024-06-05T09:45:41","date_gmt":"2024-06-05T09:45:41","guid":{"rendered":"https:\/\/metalurgicasrtb.es\/?page_id=20"},"modified":"2024-06-06T09:24:23","modified_gmt":"2024-06-06T09:24:23","slug":"servicios","status":"publish","type":"page","link":"https:\/\/metalurgicasrtb.es\/en\/servicios\/","title":{"rendered":"Services"},"content":{"rendered":"<div data-elementor-type=\"wp-page\" data-elementor-id=\"20\" class=\"elementor elementor-20\">\n\t\t\t\t<div class=\"elementor-element elementor-element-32ccc24 e-flex e-con-boxed e-con e-parent\" data-id=\"32ccc24\" data-element_type=\"container\">\n\t\t\t\t\t<div class=\"e-con-inner\">\n\t\t\t\t<div class=\"elementor-element elementor-element-5fa85dc elementor-widget elementor-widget-text-editor\" data-id=\"5fa85dc\" data-element_type=\"widget\" data-widget_type=\"text-editor.default\">\n\t\t\t\t<div class=\"elementor-widget-container\">\n\t\t\t\t\t\t\t\t\t<h2>Our<\/h2><p>Services<\/p>\t\t\t\t\t\t\t\t<\/div>\n\t\t\t\t<\/div>\n\t\t<div class=\"elementor-element elementor-element-f90e9d2 e-flex e-con-boxed e-con e-child\" data-id=\"f90e9d2\" data-element_type=\"container\" data-settings=\"{&quot;background_background&quot;:&quot;classic&quot;}\">\n\t\t\t\t\t<div class=\"e-con-inner\">\n\t\t\t\t<div class=\"elementor-element elementor-element-bdae9e3 elementor-position-top elementor-widget elementor-widget-image-box\" data-id=\"bdae9e3\" data-element_type=\"widget\" data-widget_type=\"image-box.default\">\n\t\t\t\t<div class=\"elementor-widget-container\">\n\t\t\t\t\t<div class=\"elementor-image-box-wrapper\"><figure class=\"elementor-image-box-img\"><img fetchpriority=\"high\" decoding=\"async\" width=\"474\" height=\"346\" src=\"https:\/\/metalurgicasrtb.es\/wp-content\/uploads\/2024\/06\/img3.png\" class=\"attachment-full size-full wp-image-101\" alt=\"\" srcset=\"https:\/\/metalurgicasrtb.es\/wp-content\/uploads\/2024\/06\/img3.png 474w, https:\/\/metalurgicasrtb.es\/wp-content\/uploads\/2024\/06\/img3-300x219.png 300w\" sizes=\"(max-width: 474px) 100vw, 474px\" \/><\/figure><div class=\"elementor-image-box-content\"><h3 class=\"elementor-image-box-title\">industry<br>Car<\/h3><\/div><\/div>\t\t\t\t<\/div>\n\t\t\t\t<\/div>\n\t\t\t\t<div class=\"elementor-element elementor-element-fe26d37 elementor-position-top elementor-widget elementor-widget-image-box\" data-id=\"fe26d37\" data-element_type=\"widget\" data-widget_type=\"image-box.default\">\n\t\t\t\t<div class=\"elementor-widget-container\">\n\t\t\t\t\t<div class=\"elementor-image-box-wrapper\"><figure class=\"elementor-image-box-img\"><img decoding=\"async\" width=\"474\" height=\"346\" src=\"https:\/\/metalurgicasrtb.es\/wp-content\/uploads\/2024\/06\/img4.png\" class=\"attachment-full size-full wp-image-102\" alt=\"\" srcset=\"https:\/\/metalurgicasrtb.es\/wp-content\/uploads\/2024\/06\/img4.png 474w, https:\/\/metalurgicasrtb.es\/wp-content\/uploads\/2024\/06\/img4-300x219.png 300w\" sizes=\"(max-width: 474px) 100vw, 474px\" \/><\/figure><div class=\"elementor-image-box-content\"><h3 class=\"elementor-image-box-title\">Industry <br>Food<\/h3><\/div><\/div>\t\t\t\t<\/div>\n\t\t\t\t<\/div>\n\t\t\t\t\t<\/div>\n\t\t\t\t<\/div>\n\t\t<div class=\"elementor-element elementor-element-eb5ce75 e-flex e-con-boxed e-con e-child\" data-id=\"eb5ce75\" data-element_type=\"container\" data-settings=\"{&quot;background_background&quot;:&quot;classic&quot;}\">\n\t\t\t\t\t<div class=\"e-con-inner\">\n\t\t\t\t<div class=\"elementor-element elementor-element-a299736 elementor-position-top elementor-widget elementor-widget-image-box\" data-id=\"a299736\" data-element_type=\"widget\" data-widget_type=\"image-box.default\">\n\t\t\t\t<div class=\"elementor-widget-container\">\n\t\t\t\t\t<div class=\"elementor-image-box-wrapper\"><figure class=\"elementor-image-box-img\"><img decoding=\"async\" width=\"474\" height=\"346\" src=\"https:\/\/metalurgicasrtb.es\/wp-content\/uploads\/2024\/06\/img5.png\" class=\"attachment-full size-full wp-image-103\" alt=\"\" srcset=\"https:\/\/metalurgicasrtb.es\/wp-content\/uploads\/2024\/06\/img5.png 474w, https:\/\/metalurgicasrtb.es\/wp-content\/uploads\/2024\/06\/img5-300x219.png 300w\" sizes=\"(max-width: 474px) 100vw, 474px\" \/><\/figure><div class=\"elementor-image-box-content\"><h3 class=\"elementor-image-box-title\">Energies<br>Renewable<\/h3><\/div><\/div>\t\t\t\t<\/div>\n\t\t\t\t<\/div>\n\t\t\t\t<div class=\"elementor-element elementor-element-95d4e5b elementor-position-top elementor-widget elementor-widget-image-box\" data-id=\"95d4e5b\" data-element_type=\"widget\" data-widget_type=\"image-box.default\">\n\t\t\t\t<div class=\"elementor-widget-container\">\n\t\t\t\t\t<div class=\"elementor-image-box-wrapper\"><figure class=\"elementor-image-box-img\"><img loading=\"lazy\" decoding=\"async\" width=\"474\" height=\"346\" src=\"https:\/\/metalurgicasrtb.es\/wp-content\/uploads\/2024\/06\/img6.png\" class=\"attachment-full size-full wp-image-104\" alt=\"\" srcset=\"https:\/\/metalurgicasrtb.es\/wp-content\/uploads\/2024\/06\/img6.png 474w, https:\/\/metalurgicasrtb.es\/wp-content\/uploads\/2024\/06\/img6-300x219.png 300w\" sizes=\"(max-width: 474px) 100vw, 474px\" \/><\/figure><div class=\"elementor-image-box-content\"><h3 class=\"elementor-image-box-title\">Structures<br>Metallic<\/h3><\/div><\/div>\t\t\t\t<\/div>\n\t\t\t\t<\/div>\n\t\t\t\t\t<\/div>\n\t\t\t\t<\/div>\n\t\t<div class=\"elementor-element elementor-element-0c5c9c7 e-flex e-con-boxed e-con e-child\" data-id=\"0c5c9c7\" data-element_type=\"container\" data-settings=\"{&quot;background_background&quot;:&quot;classic&quot;}\">\n\t\t\t\t\t<div class=\"e-con-inner\">\n\t\t\t\t<div class=\"elementor-element elementor-element-cceaa0a elementor-position-top elementor-widget elementor-widget-image-box\" data-id=\"cceaa0a\" data-element_type=\"widget\" data-widget_type=\"image-box.default\">\n\t\t\t\t<div class=\"elementor-widget-container\">\n\t\t\t\t\t<div class=\"elementor-image-box-wrapper\"><figure class=\"elementor-image-box-img\"><img loading=\"lazy\" decoding=\"async\" width=\"474\" height=\"346\" src=\"https:\/\/metalurgicasrtb.es\/wp-content\/uploads\/2024\/06\/img7.png\" class=\"attachment-full size-full wp-image-105\" alt=\"\" srcset=\"https:\/\/metalurgicasrtb.es\/wp-content\/uploads\/2024\/06\/img7.png 474w, https:\/\/metalurgicasrtb.es\/wp-content\/uploads\/2024\/06\/img7-300x219.png 300w\" sizes=\"(max-width: 474px) 100vw, 474px\" \/><\/figure><div class=\"elementor-image-box-content\"><h3 class=\"elementor-image-box-title\">Furniture<br>Urban<\/h3><\/div><\/div>\t\t\t\t<\/div>\n\t\t\t\t<\/div>\n\t\t\t\t<div class=\"elementor-element elementor-element-4ec2611 elementor-position-top elementor-widget elementor-widget-image-box\" data-id=\"4ec2611\" data-element_type=\"widget\" data-widget_type=\"image-box.default\">\n\t\t\t\t<div class=\"elementor-widget-container\">\n\t\t\t\t\t<div class=\"elementor-image-box-wrapper\"><figure class=\"elementor-image-box-img\"><img loading=\"lazy\" decoding=\"async\" width=\"474\" height=\"346\" src=\"https:\/\/metalurgicasrtb.es\/wp-content\/uploads\/2024\/06\/img8.png\" class=\"attachment-full size-full wp-image-106\" alt=\"\" srcset=\"https:\/\/metalurgicasrtb.es\/wp-content\/uploads\/2024\/06\/img8.png 474w, https:\/\/metalurgicasrtb.es\/wp-content\/uploads\/2024\/06\/img8-300x219.png 300w\" sizes=\"(max-width: 474px) 100vw, 474px\" \/><\/figure><div class=\"elementor-image-box-content\"><h3 class=\"elementor-image-box-title\">Engineering and<br>Projects<\/h3><\/div><\/div>\t\t\t\t<\/div>\n\t\t\t\t<\/div>\n\t\t\t\t\t<\/div>\n\t\t\t\t<\/div>\n\t\t\t\t\t<\/div>\n\t\t\t\t<\/div>\n\t\t<div class=\"elementor-element elementor-element-373b611 e-flex e-con-boxed e-con e-parent\" data-id=\"373b611\" data-element_type=\"container\" data-settings=\"{&quot;background_background&quot;:&quot;classic&quot;}\">\n\t\t\t\t\t<div class=\"e-con-inner\">\n\t\t\t\t<div class=\"elementor-element elementor-element-d93e8a3 elementor-widget__width-initial elementor-widget elementor-widget-heading\" data-id=\"d93e8a3\" data-element_type=\"widget\" data-widget_type=\"heading.default\">\n\t\t\t\t<div class=\"elementor-widget-container\">\n\t\t\t\t\t<h2 class=\"elementor-heading-title elementor-size-default\">Design tailored to you<\/h2>\t\t\t\t<\/div>\n\t\t\t\t<\/div>\n\t\t\t\t<div class=\"elementor-element elementor-element-dcf3dc6 elementor-widget elementor-widget-button\" data-id=\"dcf3dc6\" data-element_type=\"widget\" data-widget_type=\"button.default\">\n\t\t\t\t<div class=\"elementor-widget-container\">\n\t\t\t\t\t\t\t\t\t<div class=\"elementor-button-wrapper\">\n\t\t\t\t\t<a class=\"elementor-button elementor-button-link elementor-size-sm\" href=\"#\">\n\t\t\t\t\t\t<span class=\"elementor-button-content-wrapper\">\n\t\t\t\t\t\t\t\t\t<span class=\"elementor-button-text\">Ask us<\/span>\n\t\t\t\t\t<\/span>\n\t\t\t\t\t<\/a>\n\t\t\t\t<\/div>\n\t\t\t\t\t\t\t\t<\/div>\n\t\t\t\t<\/div>\n\t\t\t\t\t<\/div>\n\t\t\t\t<\/div>\n\t\t<div class=\"elementor-element elementor-element-bf088df e-flex e-con-boxed e-con e-parent\" data-id=\"bf088df\" data-element_type=\"container\" data-settings=\"{&quot;background_background&quot;:&quot;classic&quot;}\">\n\t\t\t\t\t<div class=\"e-con-inner\">\n\t\t\t\t<div class=\"elementor-element elementor-element-70fc5aa elementor-widget elementor-widget-heading\" data-id=\"70fc5aa\" data-element_type=\"widget\" data-widget_type=\"heading.default\">\n\t\t\t\t<div class=\"elementor-widget-container\">\n\t\t\t\t\t<h2 class=\"elementor-heading-title elementor-size-default\">Contact<\/h2>\t\t\t\t<\/div>\n\t\t\t\t<\/div>\n\t\t\t\t\t<\/div>\n\t\t\t\t<\/div>\n\t\t<div class=\"elementor-element elementor-element-8953452 e-flex e-con-boxed e-con e-parent\" data-id=\"8953452\" data-element_type=\"container\" data-settings=\"{&quot;background_background&quot;:&quot;classic&quot;}\">\n\t\t\t\t\t<div class=\"e-con-inner\">\n\t\t\t\t<div class=\"elementor-element elementor-element-718b432 elementor-widget__width-initial elementor-position-top elementor-widget elementor-widget-image-box\" data-id=\"718b432\" data-element_type=\"widget\" data-widget_type=\"image-box.default\">\n\t\t\t\t<div class=\"elementor-widget-container\">\n\t\t\t\t\t<div class=\"elementor-image-box-wrapper\"><figure class=\"elementor-image-box-img\"><img loading=\"lazy\" decoding=\"async\" width=\"276\" height=\"291\" src=\"https:\/\/metalurgicasrtb.es\/wp-content\/uploads\/2024\/06\/mapa.png\" class=\"attachment-full size-full wp-image-108\" alt=\"\" \/><\/figure><div class=\"elementor-image-box-content\"><h3 class=\"elementor-image-box-title\">Where we are?<\/h3><p class=\"elementor-image-box-description\">Ctra. Ar\u00e9valo-Palacios De Goda Km 3.7<br>\nPol. Industrial La Mora, 05215<br>\nGoda Palaces, \u00c1vila<\/p><\/div><\/div>\t\t\t\t<\/div>\n\t\t\t\t<\/div>\n\t\t\t\t\t<\/div>\n\t\t\t\t<\/div>\n\t\t\t\t<\/div>","protected":false},"excerpt":{"rendered":"<p>Nuestros Servicios Industria delAutom\u00f3vil Industria Alimentaria Energ\u00edasRenovables EstructurasMet\u00e1licas MobiliarioUrbano Ingenier\u00eda yProyectos Dise\u00f1o a tu medida Cons\u00faltanos Contacto \u00bfD\u00f3nde estamos? Ctra. Ar\u00e9valo-Palacios De Goda Km 3.7 Pol. Industrial La Mora, 05215 Palacios de Goda, \u00c1vila<\/p>","protected":false},"author":1,"featured_media":0,"parent":0,"menu_order":0,"comment_status":"closed","ping_status":"closed","template":"","meta":{"footnotes":""},"yoast_head":"<!-- This site is optimized with the Yoast SEO plugin v24.5 - https:\/\/yoast.com\/wordpress\/plugins\/seo\/ -->\n<title>Servicios de Metal\u00fargicas y RTB<\/title>\n<meta name=\"description\" content=\"fabricaci\u00f3n de contenedores para la log\u00edstica de piezas, as\u00ed como de contenedores completos para el transporte y almacenaje de mercanc\u00edas en los sectores de la automoci\u00f3n, la industria alimentaria y energ\u00edas renovables, entre otros.\" \/>\n<meta name=\"robots\" content=\"index, follow, max-snippet:-1, max-image-preview:large, max-video-preview:-1\" \/>\n<link rel=\"canonical\" href=\"https:\/\/metalurgicasrtb.es\/en\/servicios\/\" \/>\n<meta property=\"og:locale\" content=\"en_GB\" \/>\n<meta property=\"og:type\" content=\"article\" \/>\n<meta property=\"og:title\" content=\"Servicios de Metal\u00fargicas y RTB\" \/>\n<meta property=\"og:description\" content=\"fabricaci\u00f3n de contenedores para la log\u00edstica de piezas, as\u00ed como de contenedores completos para el transporte y almacenaje de mercanc\u00edas en los sectores de la automoci\u00f3n, la industria alimentaria y energ\u00edas renovables, entre otros.\" \/>\n<meta property=\"og:url\" content=\"https:\/\/metalurgicasrtb.es\/en\/servicios\/\" \/>\n<meta property=\"og:site_name\" content=\"Metalurgicasrtb\" \/>\n<meta property=\"article:modified_time\" content=\"2024-06-06T09:24:23+00:00\" \/>\n<meta property=\"og:image\" content=\"https:\/\/metalurgicasrtb.es\/wp-content\/uploads\/2024\/06\/img3.png\" \/>\n<meta name=\"twitter:card\" content=\"summary_large_image\" \/>\n<meta name=\"twitter:label1\" content=\"Estimated reading time\" \/>\n\t<meta name=\"twitter:data1\" content=\"2 minutes\" \/>\n<script type=\"application\/ld+json\" class=\"yoast-schema-graph\">{\"@context\":\"https:\/\/schema.org\",\"@graph\":[{\"@type\":\"WebPage\",\"@id\":\"https:\/\/metalurgicasrtb.es\/en\/servicios\/\",\"url\":\"https:\/\/metalurgicasrtb.es\/en\/servicios\/\",\"name\":\"Servicios de Metal\u00fargicas y RTB\",\"isPartOf\":{\"@id\":\"https:\/\/metalurgicasrtb.es\/#website\"},\"primaryImageOfPage\":{\"@id\":\"https:\/\/metalurgicasrtb.es\/en\/servicios\/#primaryimage\"},\"image\":{\"@id\":\"https:\/\/metalurgicasrtb.es\/en\/servicios\/#primaryimage\"},\"thumbnailUrl\":\"https:\/\/metalurgicasrtb.es\/wp-content\/uploads\/2024\/06\/img3.png\",\"datePublished\":\"2024-06-05T09:45:41+00:00\",\"dateModified\":\"2024-06-06T09:24:23+00:00\",\"description\":\"fabricaci\u00f3n de contenedores para la log\u00edstica de piezas, as\u00ed como de contenedores completos para el transporte y almacenaje de mercanc\u00edas en los sectores de la automoci\u00f3n, la industria alimentaria y energ\u00edas renovables, entre otros.\",\"breadcrumb\":{\"@id\":\"https:\/\/metalurgicasrtb.es\/en\/servicios\/#breadcrumb\"},\"inLanguage\":\"en-GB\",\"potentialAction\":[{\"@type\":\"ReadAction\",\"target\":[\"https:\/\/metalurgicasrtb.es\/en\/servicios\/\"]}]},{\"@type\":\"ImageObject\",\"inLanguage\":\"en-GB\",\"@id\":\"https:\/\/metalurgicasrtb.es\/en\/servicios\/#primaryimage\",\"url\":\"https:\/\/metalurgicasrtb.es\/wp-content\/uploads\/2024\/06\/img3.png\",\"contentUrl\":\"https:\/\/metalurgicasrtb.es\/wp-content\/uploads\/2024\/06\/img3.png\"},{\"@type\":\"BreadcrumbList\",\"@id\":\"https:\/\/metalurgicasrtb.es\/en\/servicios\/#breadcrumb\",\"itemListElement\":[{\"@type\":\"ListItem\",\"position\":1,\"name\":\"Portada\",\"item\":\"https:\/\/metalurgicasrtb.es\/\"},{\"@type\":\"ListItem\",\"position\":2,\"name\":\"Servicios\"}]},{\"@type\":\"WebSite\",\"@id\":\"https:\/\/metalurgicasrtb.es\/#website\",\"url\":\"https:\/\/metalurgicasrtb.es\/\",\"name\":\"Metalurgicasrtb\",\"description\":\"Fabricante de embalajes especiales para piezas de automoci\u00f3n\",\"publisher\":{\"@id\":\"https:\/\/metalurgicasrtb.es\/#organization\"},\"potentialAction\":[{\"@type\":\"SearchAction\",\"target\":{\"@type\":\"EntryPoint\",\"urlTemplate\":\"https:\/\/metalurgicasrtb.es\/?s={search_term_string}\"},\"query-input\":{\"@type\":\"PropertyValueSpecification\",\"valueRequired\":true,\"valueName\":\"search_term_string\"}}],\"inLanguage\":\"en-GB\"},{\"@type\":\"Organization\",\"@id\":\"https:\/\/metalurgicasrtb.es\/#organization\",\"name\":\"Metalurgicasrtb\",\"url\":\"https:\/\/metalurgicasrtb.es\/\",\"logo\":{\"@type\":\"ImageObject\",\"inLanguage\":\"en-GB\",\"@id\":\"https:\/\/metalurgicasrtb.es\/#\/schema\/logo\/image\/\",\"url\":\"https:\/\/metalurgicasrtb.es\/wp-content\/uploads\/2024\/06\/cropped-M.-RTB-gris.png\",\"contentUrl\":\"https:\/\/metalurgicasrtb.es\/wp-content\/uploads\/2024\/06\/cropped-M.-RTB-gris.png\",\"width\":3243,\"height\":1416,\"caption\":\"Metalurgicasrtb\"},\"image\":{\"@id\":\"https:\/\/metalurgicasrtb.es\/#\/schema\/logo\/image\/\"}}]}<\/script>\n<!-- \/ Yoast SEO plugin. -->","yoast_head_json":{"title":"Servicios de Metal\u00fargicas y RTB","description":"fabricaci\u00f3n de contenedores para la log\u00edstica de piezas, as\u00ed como de contenedores completos para el transporte y almacenaje de mercanc\u00edas en los sectores de la automoci\u00f3n, la industria alimentaria y energ\u00edas renovables, entre otros.","robots":{"index":"index","follow":"follow","max-snippet":"max-snippet:-1","max-image-preview":"max-image-preview:large","max-video-preview":"max-video-preview:-1"},"canonical":"https:\/\/metalurgicasrtb.es\/en\/servicios\/","og_locale":"en_GB","og_type":"article","og_title":"Servicios de Metal\u00fargicas y RTB","og_description":"fabricaci\u00f3n de contenedores para la log\u00edstica de piezas, as\u00ed como de contenedores completos para el transporte y almacenaje de mercanc\u00edas en los sectores de la automoci\u00f3n, la industria alimentaria y energ\u00edas renovables, entre otros.","og_url":"https:\/\/metalurgicasrtb.es\/en\/servicios\/","og_site_name":"Metalurgicasrtb","article_modified_time":"2024-06-06T09:24:23+00:00","og_image":[{"url":"https:\/\/metalurgicasrtb.es\/wp-content\/uploads\/2024\/06\/img3.png","type":"","width":"","height":""}],"twitter_card":"summary_large_image","twitter_misc":{"Estimated reading time":"2 minutes"},"schema":{"@context":"https:\/\/schema.org","@graph":[{"@type":"WebPage","@id":"https:\/\/metalurgicasrtb.es\/en\/servicios\/","url":"https:\/\/metalurgicasrtb.es\/en\/servicios\/","name":"Servicios de Metal\u00fargicas y RTB","isPartOf":{"@id":"https:\/\/metalurgicasrtb.es\/#website"},"primaryImageOfPage":{"@id":"https:\/\/metalurgicasrtb.es\/en\/servicios\/#primaryimage"},"image":{"@id":"https:\/\/metalurgicasrtb.es\/en\/servicios\/#primaryimage"},"thumbnailUrl":"https:\/\/metalurgicasrtb.es\/wp-content\/uploads\/2024\/06\/img3.png","datePublished":"2024-06-05T09:45:41+00:00","dateModified":"2024-06-06T09:24:23+00:00","description":"fabricaci\u00f3n de contenedores para la log\u00edstica de piezas, as\u00ed como de contenedores completos para el transporte y almacenaje de mercanc\u00edas en los sectores de la automoci\u00f3n, la industria alimentaria y energ\u00edas renovables, entre otros.","breadcrumb":{"@id":"https:\/\/metalurgicasrtb.es\/en\/servicios\/#breadcrumb"},"inLanguage":"en-GB","potentialAction":[{"@type":"ReadAction","target":["https:\/\/metalurgicasrtb.es\/en\/servicios\/"]}]},{"@type":"ImageObject","inLanguage":"en-GB","@id":"https:\/\/metalurgicasrtb.es\/en\/servicios\/#primaryimage","url":"https:\/\/metalurgicasrtb.es\/wp-content\/uploads\/2024\/06\/img3.png","contentUrl":"https:\/\/metalurgicasrtb.es\/wp-content\/uploads\/2024\/06\/img3.png"},{"@type":"BreadcrumbList","@id":"https:\/\/metalurgicasrtb.es\/en\/servicios\/#breadcrumb","itemListElement":[{"@type":"ListItem","position":1,"name":"Portada","item":"https:\/\/metalurgicasrtb.es\/"},{"@type":"ListItem","position":2,"name":"Servicios"}]},{"@type":"WebSite","@id":"https:\/\/metalurgicasrtb.es\/#website","url":"https:\/\/metalurgicasrtb.es\/","name":"Metalurgicasrtb","description":"Fabricante de embalajes especiales para piezas de automoci\u00f3n","publisher":{"@id":"https:\/\/metalurgicasrtb.es\/#organization"},"potentialAction":[{"@type":"SearchAction","target":{"@type":"EntryPoint","urlTemplate":"https:\/\/metalurgicasrtb.es\/?s={search_term_string}"},"query-input":{"@type":"PropertyValueSpecification","valueRequired":true,"valueName":"search_term_string"}}],"inLanguage":"en-GB"},{"@type":"Organization","@id":"https:\/\/metalurgicasrtb.es\/#organization","name":"Metalurgicasrtb","url":"https:\/\/metalurgicasrtb.es\/","logo":{"@type":"ImageObject","inLanguage":"en-GB","@id":"https:\/\/metalurgicasrtb.es\/#\/schema\/logo\/image\/","url":"https:\/\/metalurgicasrtb.es\/wp-content\/uploads\/2024\/06\/cropped-M.-RTB-gris.png","contentUrl":"https:\/\/metalurgicasrtb.es\/wp-content\/uploads\/2024\/06\/cropped-M.-RTB-gris.png","width":3243,"height":1416,"caption":"Metalurgicasrtb"},"image":{"@id":"https:\/\/metalurgicasrtb.es\/#\/schema\/logo\/image\/"}}]}},"_links":{"self":[{"href":"https:\/\/metalurgicasrtb.es\/en\/wp-json\/wp\/v2\/pages\/20"}],"collection":[{"href":"https:\/\/metalurgicasrtb.es\/en\/wp-json\/wp\/v2\/pages"}],"about":[{"href":"https:\/\/metalurgicasrtb.es\/en\/wp-json\/wp\/v2\/types\/page"}],"author":[{"embeddable":true,"href":"https:\/\/metalurgicasrtb.es\/en\/wp-json\/wp\/v2\/users\/1"}],"replies":[{"embeddable":true,"href":"https:\/\/metalurgicasrtb.es\/en\/wp-json\/wp\/v2\/comments?post=20"}],"version-history":[{"count":0,"href":"https:\/\/metalurgicasrtb.es\/en\/wp-json\/wp\/v2\/pages\/20\/revisions"}],"wp:attachment":[{"href":"https:\/\/metalurgicasrtb.es\/en\/wp-json\/wp\/v2\/media?parent=20"}],"curies":[{"name":"wp","href":"https:\/\/api.w.org\/{rel}","templated":true}]}}