{"id":18,"date":"2024-06-05T09:45:20","date_gmt":"2024-06-05T09:45:20","guid":{"rendered":"https:\/\/metalurgicasrtb.es\/?page_id=18"},"modified":"2024-06-06T09:24:07","modified_gmt":"2024-06-06T09:24:07","slug":"inicio","status":"publish","type":"page","link":"https:\/\/metalurgicasrtb.es\/en\/","title":{"rendered":"Start"},"content":{"rendered":"<div data-elementor-type=\"wp-page\" data-elementor-id=\"18\" class=\"elementor elementor-18\">\n\t\t\t\t<div class=\"elementor-element elementor-element-0734c37 e-flex e-con-boxed e-con e-parent\" data-id=\"0734c37\" data-element_type=\"container\" data-settings=\"{&quot;background_background&quot;:&quot;classic&quot;}\">\n\t\t\t\t\t<div class=\"e-con-inner\">\n\t\t\t\t\t<\/div>\n\t\t\t\t<\/div>\n\t\t<div class=\"elementor-element elementor-element-35cdc51 e-flex e-con-boxed e-con e-parent\" data-id=\"35cdc51\" data-element_type=\"container\" data-settings=\"{&quot;background_background&quot;:&quot;classic&quot;}\">\n\t\t\t\t\t<div class=\"e-con-inner\">\n\t\t\t\t\t<\/div>\n\t\t\t\t<\/div>\n\t\t<div class=\"elementor-element elementor-element-37dbf3a e-flex e-con-boxed e-con e-parent\" data-id=\"37dbf3a\" data-element_type=\"container\" id=\"nosotros\">\n\t\t\t\t\t<div class=\"e-con-inner\">\n\t\t\t\t<div class=\"elementor-element elementor-element-da1f117 elementor-position-right elementor-vertical-align-middle elementor-widget elementor-widget-image-box\" data-id=\"da1f117\" data-element_type=\"widget\" data-widget_type=\"image-box.default\">\n\t\t\t\t<div class=\"elementor-widget-container\">\n\t\t\t\t\t<div class=\"elementor-image-box-wrapper\"><figure class=\"elementor-image-box-img\"><img fetchpriority=\"high\" decoding=\"async\" width=\"474\" height=\"346\" src=\"https:\/\/metalurgicasrtb.es\/wp-content\/uploads\/2024\/06\/img3.png\" class=\"attachment-full size-full wp-image-101\" alt=\"\" srcset=\"https:\/\/metalurgicasrtb.es\/wp-content\/uploads\/2024\/06\/img3.png 474w, https:\/\/metalurgicasrtb.es\/wp-content\/uploads\/2024\/06\/img3-300x219.png 300w\" sizes=\"(max-width: 474px) 100vw, 474px\" \/><\/figure><div class=\"elementor-image-box-content\"><h3 class=\"elementor-image-box-title\">Metallurgical <br>and RTB<\/h3><p class=\"elementor-image-box-description\">At Metal\u00fargicas and RTB we are dedicated to the manufacture of metal structures and their components. We have experience in the manufacture of containers for parts logistics, as well as complete containers for the transport and storage of goods in the automotive, food industry and renewable energy sectors, among others.<br><br>\nThe manufacturing technologies that we use through modern programs and techniques guarantee a result tailored to our clients, in addition to a continuous search to improve quality control to eliminate any possible defect. We have qualified personnel specialized in computer-aided design in order to optimize and manufacture all types of structures while our specialists ensure that all designs comply with industry standards and regulations.<\/p><\/div><\/div>\t\t\t\t<\/div>\n\t\t\t\t<\/div>\n\t\t\t\t\t<\/div>\n\t\t\t\t<\/div>\n\t\t<div class=\"elementor-element elementor-element-f148a3a e-flex e-con-boxed e-con e-parent\" data-id=\"f148a3a\" data-element_type=\"container\" data-settings=\"{&quot;background_background&quot;:&quot;classic&quot;}\">\n\t\t\t\t\t<div class=\"e-con-inner\">\n\t\t\t\t\t<\/div>\n\t\t\t\t<\/div>\n\t\t<div class=\"elementor-element elementor-element-61a7296 e-flex e-con-boxed e-con e-parent\" data-id=\"61a7296\" data-element_type=\"container\">\n\t\t\t\t\t<div class=\"e-con-inner\">\n\t\t\t\t<div class=\"elementor-element elementor-element-0d7c87c elementor-widget elementor-widget-text-editor\" data-id=\"0d7c87c\" data-element_type=\"widget\" data-widget_type=\"text-editor.default\">\n\t\t\t\t<div class=\"elementor-widget-container\">\n\t\t\t\t\t\t\t\t\t<h2>Our<\/h2><p>Services<\/p>\t\t\t\t\t\t\t\t<\/div>\n\t\t\t\t<\/div>\n\t\t<div class=\"elementor-element elementor-element-06b870d e-flex e-con-boxed e-con e-child\" data-id=\"06b870d\" data-element_type=\"container\" data-settings=\"{&quot;background_background&quot;:&quot;classic&quot;}\">\n\t\t\t\t\t<div class=\"e-con-inner\">\n\t\t\t\t<div class=\"elementor-element elementor-element-9f0403d elementor-position-top elementor-widget elementor-widget-image-box\" data-id=\"9f0403d\" data-element_type=\"widget\" data-widget_type=\"image-box.default\">\n\t\t\t\t<div class=\"elementor-widget-container\">\n\t\t\t\t\t<div class=\"elementor-image-box-wrapper\"><figure class=\"elementor-image-box-img\"><img fetchpriority=\"high\" decoding=\"async\" width=\"474\" height=\"346\" src=\"https:\/\/metalurgicasrtb.es\/wp-content\/uploads\/2024\/06\/img3.png\" class=\"attachment-full size-full wp-image-101\" alt=\"\" srcset=\"https:\/\/metalurgicasrtb.es\/wp-content\/uploads\/2024\/06\/img3.png 474w, https:\/\/metalurgicasrtb.es\/wp-content\/uploads\/2024\/06\/img3-300x219.png 300w\" sizes=\"(max-width: 474px) 100vw, 474px\" \/><\/figure><div class=\"elementor-image-box-content\"><h3 class=\"elementor-image-box-title\">industry<br>Car<\/h3><\/div><\/div>\t\t\t\t<\/div>\n\t\t\t\t<\/div>\n\t\t\t\t<div class=\"elementor-element elementor-element-9fb3f7e elementor-position-top elementor-widget elementor-widget-image-box\" data-id=\"9fb3f7e\" data-element_type=\"widget\" data-widget_type=\"image-box.default\">\n\t\t\t\t<div class=\"elementor-widget-container\">\n\t\t\t\t\t<div class=\"elementor-image-box-wrapper\"><figure class=\"elementor-image-box-img\"><img decoding=\"async\" width=\"474\" height=\"346\" src=\"https:\/\/metalurgicasrtb.es\/wp-content\/uploads\/2024\/06\/img4.png\" class=\"attachment-full size-full wp-image-102\" alt=\"\" srcset=\"https:\/\/metalurgicasrtb.es\/wp-content\/uploads\/2024\/06\/img4.png 474w, https:\/\/metalurgicasrtb.es\/wp-content\/uploads\/2024\/06\/img4-300x219.png 300w\" sizes=\"(max-width: 474px) 100vw, 474px\" \/><\/figure><div class=\"elementor-image-box-content\"><h3 class=\"elementor-image-box-title\">Industry <br>Food<\/h3><\/div><\/div>\t\t\t\t<\/div>\n\t\t\t\t<\/div>\n\t\t\t\t\t<\/div>\n\t\t\t\t<\/div>\n\t\t<div class=\"elementor-element elementor-element-597a830 e-flex e-con-boxed e-con e-child\" data-id=\"597a830\" data-element_type=\"container\" data-settings=\"{&quot;background_background&quot;:&quot;classic&quot;}\">\n\t\t\t\t\t<div class=\"e-con-inner\">\n\t\t\t\t<div class=\"elementor-element elementor-element-250348d elementor-position-top elementor-widget elementor-widget-image-box\" data-id=\"250348d\" data-element_type=\"widget\" data-widget_type=\"image-box.default\">\n\t\t\t\t<div class=\"elementor-widget-container\">\n\t\t\t\t\t<div class=\"elementor-image-box-wrapper\"><figure class=\"elementor-image-box-img\"><img decoding=\"async\" width=\"474\" height=\"346\" src=\"https:\/\/metalurgicasrtb.es\/wp-content\/uploads\/2024\/06\/img5.png\" class=\"attachment-full size-full wp-image-103\" alt=\"\" srcset=\"https:\/\/metalurgicasrtb.es\/wp-content\/uploads\/2024\/06\/img5.png 474w, https:\/\/metalurgicasrtb.es\/wp-content\/uploads\/2024\/06\/img5-300x219.png 300w\" sizes=\"(max-width: 474px) 100vw, 474px\" \/><\/figure><div class=\"elementor-image-box-content\"><h3 class=\"elementor-image-box-title\">Energies<br>Renewable<\/h3><\/div><\/div>\t\t\t\t<\/div>\n\t\t\t\t<\/div>\n\t\t\t\t<div class=\"elementor-element elementor-element-691cd82 elementor-position-top elementor-widget elementor-widget-image-box\" data-id=\"691cd82\" data-element_type=\"widget\" data-widget_type=\"image-box.default\">\n\t\t\t\t<div class=\"elementor-widget-container\">\n\t\t\t\t\t<div class=\"elementor-image-box-wrapper\"><figure class=\"elementor-image-box-img\"><img loading=\"lazy\" decoding=\"async\" width=\"474\" height=\"346\" src=\"https:\/\/metalurgicasrtb.es\/wp-content\/uploads\/2024\/06\/img6.png\" class=\"attachment-full size-full wp-image-104\" alt=\"\" srcset=\"https:\/\/metalurgicasrtb.es\/wp-content\/uploads\/2024\/06\/img6.png 474w, https:\/\/metalurgicasrtb.es\/wp-content\/uploads\/2024\/06\/img6-300x219.png 300w\" sizes=\"(max-width: 474px) 100vw, 474px\" \/><\/figure><div class=\"elementor-image-box-content\"><h3 class=\"elementor-image-box-title\">Structures<br>Metallic<\/h3><\/div><\/div>\t\t\t\t<\/div>\n\t\t\t\t<\/div>\n\t\t\t\t\t<\/div>\n\t\t\t\t<\/div>\n\t\t<div class=\"elementor-element elementor-element-962dabe e-flex e-con-boxed e-con e-child\" data-id=\"962dabe\" data-element_type=\"container\" data-settings=\"{&quot;background_background&quot;:&quot;classic&quot;}\">\n\t\t\t\t\t<div class=\"e-con-inner\">\n\t\t\t\t<div class=\"elementor-element elementor-element-08120b2 elementor-position-top elementor-widget elementor-widget-image-box\" data-id=\"08120b2\" data-element_type=\"widget\" data-widget_type=\"image-box.default\">\n\t\t\t\t<div class=\"elementor-widget-container\">\n\t\t\t\t\t<div class=\"elementor-image-box-wrapper\"><figure class=\"elementor-image-box-img\"><img loading=\"lazy\" decoding=\"async\" width=\"474\" height=\"346\" src=\"https:\/\/metalurgicasrtb.es\/wp-content\/uploads\/2024\/06\/img7.png\" class=\"attachment-full size-full wp-image-105\" alt=\"\" srcset=\"https:\/\/metalurgicasrtb.es\/wp-content\/uploads\/2024\/06\/img7.png 474w, https:\/\/metalurgicasrtb.es\/wp-content\/uploads\/2024\/06\/img7-300x219.png 300w\" sizes=\"(max-width: 474px) 100vw, 474px\" \/><\/figure><div class=\"elementor-image-box-content\"><h3 class=\"elementor-image-box-title\">Furniture<br>Urban<\/h3><\/div><\/div>\t\t\t\t<\/div>\n\t\t\t\t<\/div>\n\t\t\t\t<div class=\"elementor-element elementor-element-6182f5f elementor-position-top elementor-widget elementor-widget-image-box\" data-id=\"6182f5f\" data-element_type=\"widget\" data-widget_type=\"image-box.default\">\n\t\t\t\t<div class=\"elementor-widget-container\">\n\t\t\t\t\t<div class=\"elementor-image-box-wrapper\"><figure class=\"elementor-image-box-img\"><img loading=\"lazy\" decoding=\"async\" width=\"474\" height=\"346\" src=\"https:\/\/metalurgicasrtb.es\/wp-content\/uploads\/2024\/06\/img8.png\" class=\"attachment-full size-full wp-image-106\" alt=\"\" srcset=\"https:\/\/metalurgicasrtb.es\/wp-content\/uploads\/2024\/06\/img8.png 474w, https:\/\/metalurgicasrtb.es\/wp-content\/uploads\/2024\/06\/img8-300x219.png 300w\" sizes=\"(max-width: 474px) 100vw, 474px\" \/><\/figure><div class=\"elementor-image-box-content\"><h3 class=\"elementor-image-box-title\">Engineering and<br>Projects<\/h3><\/div><\/div>\t\t\t\t<\/div>\n\t\t\t\t<\/div>\n\t\t\t\t\t<\/div>\n\t\t\t\t<\/div>\n\t\t\t\t\t<\/div>\n\t\t\t\t<\/div>\n\t\t<div class=\"elementor-element elementor-element-6f9b97c e-flex e-con-boxed e-con e-parent\" data-id=\"6f9b97c\" data-element_type=\"container\" data-settings=\"{&quot;background_background&quot;:&quot;classic&quot;}\">\n\t\t\t\t\t<div class=\"e-con-inner\">\n\t\t\t\t<div class=\"elementor-element elementor-element-b5bcb10 elementor-widget__width-initial elementor-widget elementor-widget-heading\" data-id=\"b5bcb10\" data-element_type=\"widget\" data-widget_type=\"heading.default\">\n\t\t\t\t<div class=\"elementor-widget-container\">\n\t\t\t\t\t<h2 class=\"elementor-heading-title elementor-size-default\">Design tailored to you<\/h2>\t\t\t\t<\/div>\n\t\t\t\t<\/div>\n\t\t\t\t<div class=\"elementor-element elementor-element-710b0d5 elementor-widget elementor-widget-button\" data-id=\"710b0d5\" data-element_type=\"widget\" data-widget_type=\"button.default\">\n\t\t\t\t<div class=\"elementor-widget-container\">\n\t\t\t\t\t\t\t\t\t<div class=\"elementor-button-wrapper\">\n\t\t\t\t\t<a class=\"elementor-button elementor-button-link elementor-size-sm\" href=\"#\">\n\t\t\t\t\t\t<span class=\"elementor-button-content-wrapper\">\n\t\t\t\t\t\t\t\t\t<span class=\"elementor-button-text\">Ask us<\/span>\n\t\t\t\t\t<\/span>\n\t\t\t\t\t<\/a>\n\t\t\t\t<\/div>\n\t\t\t\t\t\t\t\t<\/div>\n\t\t\t\t<\/div>\n\t\t\t\t\t<\/div>\n\t\t\t\t<\/div>\n\t\t<div class=\"elementor-element elementor-element-a008125 e-flex e-con-boxed e-con e-parent\" data-id=\"a008125\" data-element_type=\"container\" data-settings=\"{&quot;background_background&quot;:&quot;classic&quot;}\">\n\t\t\t\t\t<div class=\"e-con-inner\">\n\t\t\t\t<div class=\"elementor-element elementor-element-b4892af elementor-widget elementor-widget-heading\" data-id=\"b4892af\" data-element_type=\"widget\" data-widget_type=\"heading.default\">\n\t\t\t\t<div class=\"elementor-widget-container\">\n\t\t\t\t\t<h2 class=\"elementor-heading-title elementor-size-default\">Contact<\/h2>\t\t\t\t<\/div>\n\t\t\t\t<\/div>\n\t\t\t\t\t<\/div>\n\t\t\t\t<\/div>\n\t\t<div class=\"elementor-element elementor-element-6bf1865 e-flex e-con-boxed e-con e-parent\" data-id=\"6bf1865\" data-element_type=\"container\" data-settings=\"{&quot;background_background&quot;:&quot;classic&quot;}\">\n\t\t\t\t\t<div class=\"e-con-inner\">\n\t\t\t\t<div class=\"elementor-element elementor-element-729606a elementor-widget__width-initial elementor-position-top elementor-widget elementor-widget-image-box\" data-id=\"729606a\" data-element_type=\"widget\" data-widget_type=\"image-box.default\">\n\t\t\t\t<div class=\"elementor-widget-container\">\n\t\t\t\t\t<div class=\"elementor-image-box-wrapper\"><figure class=\"elementor-image-box-img\"><img loading=\"lazy\" decoding=\"async\" width=\"276\" height=\"291\" src=\"https:\/\/metalurgicasrtb.es\/wp-content\/uploads\/2024\/06\/mapa.png\" class=\"attachment-full size-full wp-image-108\" alt=\"\" \/><\/figure><div class=\"elementor-image-box-content\"><h3 class=\"elementor-image-box-title\">Where we are?<\/h3><p class=\"elementor-image-box-description\">Ctra. Ar\u00e9valo-Palacios De Goda Km 3.7<br>\nPol. Industrial La Mora, 05215<br>\nGoda Palaces, \u00c1vila<\/p><\/div><\/div>\t\t\t\t<\/div>\n\t\t\t\t<\/div>\n\t\t\t\t\t<\/div>\n\t\t\t\t<\/div>\n\t\t<div class=\"elementor-element elementor-element-288cb8c e-flex e-con-boxed e-con e-parent\" data-id=\"288cb8c\" data-element_type=\"container\" data-settings=\"{&quot;background_background&quot;:&quot;classic&quot;}\">\n\t\t\t\t\t<div class=\"e-con-inner\">\n\t\t\t\t\t<\/div>\n\t\t\t\t<\/div>\n\t\t\t\t<\/div>","protected":false},"excerpt":{"rendered":"<p>Metal\u00fargicas y RTB En Metal\u00fargicas y RTB nos dedicamos a la fabricaci\u00f3n de estructuras met\u00e1licas y sus componentes. Tenemos experiencia en la fabricaci\u00f3n de contenedores para la log\u00edstica de piezas, as\u00ed como de contenedores completos para el transporte y almacenaje de mercanc\u00edas en los sectores de la automoci\u00f3n, la industria alimentaria y energ\u00edas renovables, entre [&hellip;]<\/p>\n","protected":false},"author":1,"featured_media":0,"parent":0,"menu_order":0,"comment_status":"closed","ping_status":"closed","template":"","meta":{"footnotes":""},"yoast_head":"<!-- This site is optimized with the Yoast SEO plugin v24.5 - https:\/\/yoast.com\/wordpress\/plugins\/seo\/ -->\n<title>Metalurgicasrtb<\/title>\n<meta name=\"description\" content=\"En Metal\u00fargicas y RTB nos dedicamos a la fabricaci\u00f3n de estructuras met\u00e1licas y sus componentes.\" \/>\n<meta name=\"robots\" content=\"index, follow, max-snippet:-1, max-image-preview:large, max-video-preview:-1\" \/>\n<link rel=\"canonical\" href=\"https:\/\/metalurgicasrtb.es\/en\/\" \/>\n<meta property=\"og:locale\" content=\"en_GB\" \/>\n<meta property=\"og:type\" content=\"article\" \/>\n<meta property=\"og:title\" content=\"Metalurgicasrtb\" \/>\n<meta property=\"og:description\" content=\"En Metal\u00fargicas y RTB nos dedicamos a la fabricaci\u00f3n de estructuras met\u00e1licas y sus componentes.\" \/>\n<meta property=\"og:url\" content=\"https:\/\/metalurgicasrtb.es\/en\/\" \/>\n<meta property=\"og:site_name\" content=\"Metalurgicasrtb\" \/>\n<meta property=\"article:modified_time\" content=\"2024-06-06T09:24:07+00:00\" \/>\n<meta property=\"og:image\" content=\"https:\/\/metalurgicasrtb.es\/wp-content\/uploads\/2024\/06\/img3.png\" \/>\n<meta name=\"twitter:card\" content=\"summary_large_image\" \/>\n<meta name=\"twitter:label1\" content=\"Estimated reading time\" \/>\n\t<meta name=\"twitter:data1\" content=\"3 minutes\" \/>\n<script type=\"application\/ld+json\" class=\"yoast-schema-graph\">{\"@context\":\"https:\/\/schema.org\",\"@graph\":[{\"@type\":\"WebPage\",\"@id\":\"https:\/\/metalurgicasrtb.es\/\",\"url\":\"https:\/\/metalurgicasrtb.es\/\",\"name\":\"Metalurgicasrtb\",\"isPartOf\":{\"@id\":\"https:\/\/metalurgicasrtb.es\/#website\"},\"primaryImageOfPage\":{\"@id\":\"https:\/\/metalurgicasrtb.es\/#primaryimage\"},\"image\":{\"@id\":\"https:\/\/metalurgicasrtb.es\/#primaryimage\"},\"thumbnailUrl\":\"https:\/\/metalurgicasrtb.es\/wp-content\/uploads\/2024\/06\/img3.png\",\"datePublished\":\"2024-06-05T09:45:20+00:00\",\"dateModified\":\"2024-06-06T09:24:07+00:00\",\"description\":\"En Metal\u00fargicas y RTB nos dedicamos a la fabricaci\u00f3n de estructuras met\u00e1licas y sus componentes.\",\"breadcrumb\":{\"@id\":\"https:\/\/metalurgicasrtb.es\/#breadcrumb\"},\"inLanguage\":\"en-GB\",\"potentialAction\":[{\"@type\":\"ReadAction\",\"target\":[\"https:\/\/metalurgicasrtb.es\/\"]}]},{\"@type\":\"ImageObject\",\"inLanguage\":\"en-GB\",\"@id\":\"https:\/\/metalurgicasrtb.es\/#primaryimage\",\"url\":\"https:\/\/metalurgicasrtb.es\/wp-content\/uploads\/2024\/06\/img3.png\",\"contentUrl\":\"https:\/\/metalurgicasrtb.es\/wp-content\/uploads\/2024\/06\/img3.png\"},{\"@type\":\"BreadcrumbList\",\"@id\":\"https:\/\/metalurgicasrtb.es\/#breadcrumb\",\"itemListElement\":[{\"@type\":\"ListItem\",\"position\":1,\"name\":\"Portada\",\"item\":\"https:\/\/metalurgicasrtb.es\/\"},{\"@type\":\"ListItem\",\"position\":2,\"name\":\"Inicio\"}]},{\"@type\":\"WebSite\",\"@id\":\"https:\/\/metalurgicasrtb.es\/#website\",\"url\":\"https:\/\/metalurgicasrtb.es\/\",\"name\":\"Metalurgicasrtb\",\"description\":\"Fabricante de embalajes especiales para piezas de automoci\u00f3n\",\"publisher\":{\"@id\":\"https:\/\/metalurgicasrtb.es\/#organization\"},\"potentialAction\":[{\"@type\":\"SearchAction\",\"target\":{\"@type\":\"EntryPoint\",\"urlTemplate\":\"https:\/\/metalurgicasrtb.es\/?s={search_term_string}\"},\"query-input\":{\"@type\":\"PropertyValueSpecification\",\"valueRequired\":true,\"valueName\":\"search_term_string\"}}],\"inLanguage\":\"en-GB\"},{\"@type\":\"Organization\",\"@id\":\"https:\/\/metalurgicasrtb.es\/#organization\",\"name\":\"Metalurgicasrtb\",\"url\":\"https:\/\/metalurgicasrtb.es\/\",\"logo\":{\"@type\":\"ImageObject\",\"inLanguage\":\"en-GB\",\"@id\":\"https:\/\/metalurgicasrtb.es\/#\/schema\/logo\/image\/\",\"url\":\"https:\/\/metalurgicasrtb.es\/wp-content\/uploads\/2024\/06\/cropped-M.-RTB-gris.png\",\"contentUrl\":\"https:\/\/metalurgicasrtb.es\/wp-content\/uploads\/2024\/06\/cropped-M.-RTB-gris.png\",\"width\":3243,\"height\":1416,\"caption\":\"Metalurgicasrtb\"},\"image\":{\"@id\":\"https:\/\/metalurgicasrtb.es\/#\/schema\/logo\/image\/\"}}]}<\/script>\n<!-- \/ Yoast SEO plugin. -->","yoast_head_json":{"title":"Metalurgicasrtb","description":"En Metal\u00fargicas y RTB nos dedicamos a la fabricaci\u00f3n de estructuras met\u00e1licas y sus componentes.","robots":{"index":"index","follow":"follow","max-snippet":"max-snippet:-1","max-image-preview":"max-image-preview:large","max-video-preview":"max-video-preview:-1"},"canonical":"https:\/\/metalurgicasrtb.es\/en\/","og_locale":"en_GB","og_type":"article","og_title":"Metalurgicasrtb","og_description":"En Metal\u00fargicas y RTB nos dedicamos a la fabricaci\u00f3n de estructuras met\u00e1licas y sus componentes.","og_url":"https:\/\/metalurgicasrtb.es\/en\/","og_site_name":"Metalurgicasrtb","article_modified_time":"2024-06-06T09:24:07+00:00","og_image":[{"url":"https:\/\/metalurgicasrtb.es\/wp-content\/uploads\/2024\/06\/img3.png","type":"","width":"","height":""}],"twitter_card":"summary_large_image","twitter_misc":{"Estimated reading time":"3 minutes"},"schema":{"@context":"https:\/\/schema.org","@graph":[{"@type":"WebPage","@id":"https:\/\/metalurgicasrtb.es\/","url":"https:\/\/metalurgicasrtb.es\/","name":"Metalurgicasrtb","isPartOf":{"@id":"https:\/\/metalurgicasrtb.es\/#website"},"primaryImageOfPage":{"@id":"https:\/\/metalurgicasrtb.es\/#primaryimage"},"image":{"@id":"https:\/\/metalurgicasrtb.es\/#primaryimage"},"thumbnailUrl":"https:\/\/metalurgicasrtb.es\/wp-content\/uploads\/2024\/06\/img3.png","datePublished":"2024-06-05T09:45:20+00:00","dateModified":"2024-06-06T09:24:07+00:00","description":"En Metal\u00fargicas y RTB nos dedicamos a la fabricaci\u00f3n de estructuras met\u00e1licas y sus componentes.","breadcrumb":{"@id":"https:\/\/metalurgicasrtb.es\/#breadcrumb"},"inLanguage":"en-GB","potentialAction":[{"@type":"ReadAction","target":["https:\/\/metalurgicasrtb.es\/"]}]},{"@type":"ImageObject","inLanguage":"en-GB","@id":"https:\/\/metalurgicasrtb.es\/#primaryimage","url":"https:\/\/metalurgicasrtb.es\/wp-content\/uploads\/2024\/06\/img3.png","contentUrl":"https:\/\/metalurgicasrtb.es\/wp-content\/uploads\/2024\/06\/img3.png"},{"@type":"BreadcrumbList","@id":"https:\/\/metalurgicasrtb.es\/#breadcrumb","itemListElement":[{"@type":"ListItem","position":1,"name":"Portada","item":"https:\/\/metalurgicasrtb.es\/"},{"@type":"ListItem","position":2,"name":"Inicio"}]},{"@type":"WebSite","@id":"https:\/\/metalurgicasrtb.es\/#website","url":"https:\/\/metalurgicasrtb.es\/","name":"Metalurgicasrtb","description":"Fabricante de embalajes especiales para piezas de automoci\u00f3n","publisher":{"@id":"https:\/\/metalurgicasrtb.es\/#organization"},"potentialAction":[{"@type":"SearchAction","target":{"@type":"EntryPoint","urlTemplate":"https:\/\/metalurgicasrtb.es\/?s={search_term_string}"},"query-input":{"@type":"PropertyValueSpecification","valueRequired":true,"valueName":"search_term_string"}}],"inLanguage":"en-GB"},{"@type":"Organization","@id":"https:\/\/metalurgicasrtb.es\/#organization","name":"Metalurgicasrtb","url":"https:\/\/metalurgicasrtb.es\/","logo":{"@type":"ImageObject","inLanguage":"en-GB","@id":"https:\/\/metalurgicasrtb.es\/#\/schema\/logo\/image\/","url":"https:\/\/metalurgicasrtb.es\/wp-content\/uploads\/2024\/06\/cropped-M.-RTB-gris.png","contentUrl":"https:\/\/metalurgicasrtb.es\/wp-content\/uploads\/2024\/06\/cropped-M.-RTB-gris.png","width":3243,"height":1416,"caption":"Metalurgicasrtb"},"image":{"@id":"https:\/\/metalurgicasrtb.es\/#\/schema\/logo\/image\/"}}]}},"_links":{"self":[{"href":"https:\/\/metalurgicasrtb.es\/en\/wp-json\/wp\/v2\/pages\/18"}],"collection":[{"href":"https:\/\/metalurgicasrtb.es\/en\/wp-json\/wp\/v2\/pages"}],"about":[{"href":"https:\/\/metalurgicasrtb.es\/en\/wp-json\/wp\/v2\/types\/page"}],"author":[{"embeddable":true,"href":"https:\/\/metalurgicasrtb.es\/en\/wp-json\/wp\/v2\/users\/1"}],"replies":[{"embeddable":true,"href":"https:\/\/metalurgicasrtb.es\/en\/wp-json\/wp\/v2\/comments?post=18"}],"version-history":[{"count":0,"href":"https:\/\/metalurgicasrtb.es\/en\/wp-json\/wp\/v2\/pages\/18\/revisions"}],"wp:attachment":[{"href":"https:\/\/metalurgicasrtb.es\/en\/wp-json\/wp\/v2\/media?parent=18"}],"curies":[{"name":"wp","href":"https:\/\/api.w.org\/{rel}","templated":true}]}}